{"id":14134,"date":"2026-04-14T10:29:27","date_gmt":"2026-04-14T10:29:27","guid":{"rendered":"https:\/\/baobab.com\/mg\/?page_id=14134"},"modified":"2026-04-14T10:38:41","modified_gmt":"2026-04-14T10:38:41","slug":"devenir-client","status":"publish","type":"page","link":"https:\/\/baobab.com\/mg\/devenir-client\/","title":{"rendered":"Devenir-client"},"content":{"rendered":"\t\t<div data-elementor-type=\"wp-page\" data-elementor-id=\"14134\" class=\"elementor elementor-14134\" data-elementor-post-type=\"page\">\n\t\t\t\t\t\t<section data-particle_enable=\"false\" data-particle-mobile-disabled=\"false\" class=\"elementor-section elementor-top-section elementor-element elementor-element-00dd5ca elementor-section-full_width elementor-section-height-default elementor-section-height-default\" data-id=\"00dd5ca\" data-element_type=\"section\" data-e-type=\"section\">\n\t\t\t\t\t\t<div class=\"elementor-container elementor-column-gap-default\">\n\t\t\t\t\t<div class=\"elementor-column elementor-col-100 elementor-top-column elementor-element elementor-element-2df50d5\" data-id=\"2df50d5\" data-element_type=\"column\" data-e-type=\"column\">\n\t\t\t<div class=\"elementor-widget-wrap elementor-element-populated\">\n\t\t\t\t\t\t<section data-particle_enable=\"false\" data-particle-mobile-disabled=\"false\" class=\"elementor-section elementor-inner-section elementor-element elementor-element-c4efc16 elementor-section-height-min-height elementor-section-boxed elementor-section-height-default\" data-id=\"c4efc16\" data-element_type=\"section\" data-e-type=\"section\">\n\t\t\t\t\t\t<div class=\"elementor-container elementor-column-gap-default\">\n\t\t\t\t\t<div class=\"elementor-column elementor-col-100 elementor-inner-column elementor-element elementor-element-38a4504\" data-id=\"38a4504\" data-element_type=\"column\" data-e-type=\"column\" data-settings=\"{&quot;background_background&quot;:&quot;gradient&quot;}\">\n\t\t\t<div class=\"elementor-widget-wrap\">\n\t\t\t\t\t\t\t<\/div>\n\t\t<\/div>\n\t\t\t\t\t<\/div>\n\t\t<\/section>\n\t\t\t\t\t<\/div>\n\t\t<\/div>\n\t\t\t\t\t<\/div>\n\t\t<\/section>\n\t\t\t\t<section data-particle_enable=\"false\" data-particle-mobile-disabled=\"false\" class=\"elementor-section elementor-top-section elementor-element elementor-element-39c2d02 elementor-section-height-min-height elementor-section-boxed elementor-section-height-default elementor-section-items-middle\" data-id=\"39c2d02\" data-element_type=\"section\" data-e-type=\"section\">\n\t\t\t\t\t\t<div class=\"elementor-container elementor-column-gap-default\">\n\t\t\t\t\t<div class=\"elementor-column elementor-col-100 elementor-top-column elementor-element elementor-element-2e22d8b\" data-id=\"2e22d8b\" data-element_type=\"column\" data-e-type=\"column\">\n\t\t\t<div class=\"elementor-widget-wrap elementor-element-populated\">\n\t\t\t\t\t\t<div class=\"elementor-element elementor-element-8540076 elementor-widget elementor-widget-heading\" data-id=\"8540076\" data-element_type=\"widget\" data-e-type=\"widget\" data-widget_type=\"heading.default\">\n\t\t\t\t<div class=\"elementor-widget-container\">\n\t\t\t\t\t<h2 class=\"elementor-heading-title elementor-size-default\">Nous r\u00e9v\u00e9lons et d\u00e9veloppons votre potentiel<\/h2>\t\t\t\t<\/div>\n\t\t\t\t<\/div>\n\t\t\t\t<div class=\"elementor-element elementor-element-f0b4391 elementor-widget elementor-widget-text-editor\" data-id=\"f0b4391\" data-element_type=\"widget\" data-e-type=\"widget\" data-widget_type=\"text-editor.default\">\n\t\t\t\t<div class=\"elementor-widget-container\">\n\t\t\t\t\t\t\t\t\t<p>Besoin de nous contacter ? Nous sommes disponibles pour toutes demandes d\u2019informations, de suggestions ou de r\u00e9clamations.<\/p><p>Appelez le <a style=\"color: #e40473\" href=\"tel:+(261) 02 02 36 16 26\">(+261) 34 20 00 650<\/a><\/p>\t\t\t\t\t\t\t\t<\/div>\n\t\t\t\t<\/div>\n\t\t\t\t\t<\/div>\n\t\t<\/div>\n\t\t\t\t\t<\/div>\n\t\t<\/section>\n\t\t\t\t<section data-particle_enable=\"false\" data-particle-mobile-disabled=\"false\" class=\"elementor-section elementor-top-section elementor-element elementor-element-af90664 elementor-section-height-min-height elementor-section-boxed elementor-section-height-default elementor-section-items-middle\" data-id=\"af90664\" data-element_type=\"section\" data-e-type=\"section\">\n\t\t\t\t\t\t<div class=\"elementor-container elementor-column-gap-default\">\n\t\t\t\t\t<div class=\"elementor-column elementor-col-100 elementor-top-column elementor-element elementor-element-91a435b\" data-id=\"91a435b\" data-element_type=\"column\" data-e-type=\"column\">\n\t\t\t<div class=\"elementor-widget-wrap elementor-element-populated\">\n\t\t\t\t\t\t<div class=\"elementor-element elementor-element-8ccb9b6 elementor-widget elementor-widget-form\" data-id=\"8ccb9b6\" data-element_type=\"widget\" data-e-type=\"widget\" data-settings=\"{&quot;button_width&quot;:&quot;25&quot;,&quot;step_next_label&quot;:&quot;Suivant&quot;,&quot;step_previous_label&quot;:&quot;Pr\\u00e9c\\u00e9dent&quot;,&quot;step_type&quot;:&quot;number_text&quot;,&quot;step_icon_shape&quot;:&quot;circle&quot;}\" data-widget_type=\"form.default\">\n\t\t\t\t<div class=\"elementor-widget-container\">\n\t\t\t\t\t\t\t<form class=\"elementor-form\" method=\"post\" name=\"Nouveau formulaire\" aria-label=\"Nouveau formulaire\">\n\t\t\t<input type=\"hidden\" name=\"post_id\" value=\"14134\"\/>\n\t\t\t<input type=\"hidden\" name=\"form_id\" value=\"8ccb9b6\"\/>\n\t\t\t<input type=\"hidden\" name=\"referer_title\" value=\"Madagascar\" \/>\n\n\t\t\t\n\t\t\t<div class=\"elementor-form-fields-wrapper elementor-labels-above\">\n\t\t\t\t\t\t\t\t<div class=\"elementor-field-type-text elementor-field-group elementor-column elementor-field-group-name elementor-col-50 elementor-field-required elementor-mark-required\">\n\t\t\t\t\t\t\t\t\t\t\t\t<label for=\"form-field-name\" class=\"elementor-field-label\">\n\t\t\t\t\t\t\t\tVotre noms\t\t\t\t\t\t\t<\/label>\n\t\t\t\t\t\t\t\t\t\t\t\t\t\t<input size=\"1\" type=\"text\" name=\"form_fields[name]\" id=\"form-field-name\" class=\"elementor-field elementor-size-sm  elementor-field-textual\" placeholder=\"Noms\" required=\"required\">\n\t\t\t\t\t\t\t\t\t\t\t<\/div>\n\t\t\t\t\t\t\t\t<div class=\"elementor-field-type-text elementor-field-group elementor-column elementor-field-group-field_664f687 elementor-col-50 elementor-field-required elementor-mark-required\">\n\t\t\t\t\t\t\t\t\t\t\t\t<label for=\"form-field-field_664f687\" class=\"elementor-field-label\">\n\t\t\t\t\t\t\t\tVotre pr\u00e9noms\t\t\t\t\t\t\t<\/label>\n\t\t\t\t\t\t\t\t\t\t\t\t\t\t<input size=\"1\" type=\"text\" name=\"form_fields[field_664f687]\" id=\"form-field-field_664f687\" class=\"elementor-field elementor-size-sm  elementor-field-textual\" placeholder=\"Pr\u00e9noms\" required=\"required\">\n\t\t\t\t\t\t\t\t\t\t\t<\/div>\n\t\t\t\t\t\t\t\t<div class=\"elementor-field-type-date elementor-field-group elementor-column elementor-field-group-field_a76581f elementor-col-50\">\n\t\t\t\t\t\t\t\t\t\t\t\t<label for=\"form-field-field_a76581f\" class=\"elementor-field-label\">\n\t\t\t\t\t\t\t\tDate de naissance\t\t\t\t\t\t\t<\/label>\n\t\t\t\t\t\t\n\t\t<input type=\"date\" name=\"form_fields[field_a76581f]\" id=\"form-field-field_a76581f\" class=\"elementor-field elementor-size-sm  elementor-field-textual elementor-date-field\" placeholder=\"jj\/mm\/aaaa\" pattern=\"[0-9]{4}-[0-9]{2}-[0-9]{2}\">\n\t\t\t\t\t\t<\/div>\n\t\t\t\t\t\t\t\t<div class=\"elementor-field-type-email elementor-field-group elementor-column elementor-field-group-email elementor-col-50\">\n\t\t\t\t\t\t\t\t\t\t\t\t<label for=\"form-field-email\" class=\"elementor-field-label\">\n\t\t\t\t\t\t\t\tAdresse mail\t\t\t\t\t\t\t<\/label>\n\t\t\t\t\t\t\t\t\t\t\t\t\t\t<input size=\"1\" type=\"email\" name=\"form_fields[email]\" id=\"form-field-email\" class=\"elementor-field elementor-size-sm  elementor-field-textual\" placeholder=\"E-mail\">\n\t\t\t\t\t\t\t\t\t\t\t<\/div>\n\t\t\t\t\t\t\t\t<div class=\"elementor-field-type-tel elementor-field-group elementor-column elementor-field-group-field_98e3977 elementor-col-50 elementor-field-required elementor-mark-required\">\n\t\t\t\t\t\t\t\t\t\t\t\t<label for=\"form-field-field_98e3977\" class=\"elementor-field-label\">\n\t\t\t\t\t\t\t\tNum\u00e9ro t\u00e9l\u00e9phone\t\t\t\t\t\t\t<\/label>\n\t\t\t\t\t\t\t\t<input size=\"1\" type=\"tel\" name=\"form_fields[field_98e3977]\" id=\"form-field-field_98e3977\" class=\"elementor-field elementor-size-sm  elementor-field-textual\" placeholder=\"Votre num\u00e9ro \" required=\"required\" pattern=\"[0-9()#&amp;+*-=.]+\" title=\"Seuls les caract\u00e8res de num\u00e9ros de t\u00e9l\u00e9phone (#, -, *, etc.) sont accept\u00e9s.\">\n\n\t\t\t\t\t\t<\/div>\n\t\t\t\t\t\t\t\t<div class=\"elementor-field-type-select elementor-field-group elementor-column elementor-field-group-field_ebf1aaa elementor-col-50 elementor-field-required elementor-mark-required\">\n\t\t\t\t\t\t\t\t\t\t\t\t<label for=\"form-field-field_ebf1aaa\" class=\"elementor-field-label\">\n\t\t\t\t\t\t\t\tNos produits\t\t\t\t\t\t\t<\/label>\n\t\t\t\t\t\t\t\t<div class=\"elementor-field elementor-select-wrapper remove-before \">\n\t\t\t<div class=\"select-caret-down-wrapper\">\n\t\t\t\t<i aria-hidden=\"true\" class=\"eicon-caret-down\"><\/i>\t\t\t<\/div>\n\t\t\t<select name=\"form_fields[field_ebf1aaa]\" id=\"form-field-field_ebf1aaa\" class=\"elementor-field-textual elementor-size-sm\" required=\"required\">\n\t\t\t\t\t\t\t\t\t<option value=\"CARTE MASTERCARD\">CARTE MASTERCARD<\/option>\n\t\t\t\t\t\t\t\t\t<option value=\"PAIEMENT &amp; TRANSFERT\">PAIEMENT &amp; TRANSFERT<\/option>\n\t\t\t\t\t\t\t\t\t<option value=\"BAOBAB \u00c9PARGNE\">BAOBAB \u00c9PARGNE<\/option>\n\t\t\t\t\t\t\t\t\t<option value=\"BAOBAB \u00c9PARGNE\">BAOBAB \u00c9PARGNE<\/option>\n\t\t\t\t\t\t\t\t\t<option value=\"BAOBAB ASSURANCE\">BAOBAB ASSURANCE<\/option>\n\t\t\t\t\t\t\t\t\t<option value=\"CR\u00c9DIT APPEL D&#039;OFFRE\">CR\u00c9DIT APPEL D&#039;OFFRE<\/option>\n\t\t\t\t\t\t\t\t\t<option value=\"CREDIT STOCKAGE GCV\">CREDIT STOCKAGE GCV<\/option>\n\t\t\t\t\t\t\t\t\t<option value=\"CR\u00c9DIT HABITAT\">CR\u00c9DIT HABITAT<\/option>\n\t\t\t\t\t\t\t\t\t<option value=\"CR\u00c9DIT SALARI\u00c9\">CR\u00c9DIT SALARI\u00c9<\/option>\n\t\t\t\t\t\t\t<\/select>\n\t\t<\/div>\n\t\t\t\t\t\t<\/div>\n\t\t\t\t\t\t\t\t<div class=\"elementor-field-type-textarea elementor-field-group elementor-column elementor-field-group-message elementor-col-100 elementor-field-required elementor-mark-required\">\n\t\t\t\t\t\t\t\t\t\t\t\t<label for=\"form-field-message\" class=\"elementor-field-label\">\n\t\t\t\t\t\t\t\tType de demande\t\t\t\t\t\t\t<\/label>\n\t\t\t\t\t\t<textarea class=\"elementor-field-textual elementor-field  elementor-size-sm\" name=\"form_fields[message]\" id=\"form-field-message\" rows=\"4\" placeholder=\"Message\" required=\"required\"><\/textarea>\t\t\t\t<\/div>\n\t\t\t\t\t\t\t\t<div class=\"elementor-field-group elementor-column elementor-field-type-submit elementor-col-25 e-form__buttons\">\n\t\t\t\t\t<button class=\"elementor-button elementor-size-sm elementor-animation-grow\" type=\"submit\">\n\t\t\t\t\t\t<span class=\"elementor-button-content-wrapper\">\n\t\t\t\t\t\t\t\t\t\t\t\t\t\t\t<span class=\"elementor-button-icon\">\n\t\t\t\t\t\t\t\t\t<i aria-hidden=\"true\" class=\"fas fa-angle-right\"><\/i>\t\t\t\t\t\t\t\t\t\t\t\t\t\t\t\t\t<\/span>\n\t\t\t\t\t\t\t\t\t\t\t\t\t\t\t\t\t\t\t\t\t\t<span class=\"elementor-button-text\">Envoyer<\/span>\n\t\t\t\t\t\t\t\t\t\t\t\t\t<\/span>\n\t\t\t\t\t<\/button>\n\t\t\t\t<\/div>\n\t\t\t<\/div>\n\t\t<\/form>\n\t\t\t\t\t\t<\/div>\n\t\t\t\t<\/div>\n\t\t\t\t\t<\/div>\n\t\t<\/div>\n\t\t\t\t\t<\/div>\n\t\t<\/section>\n\t\t\t\t<\/div>\n\t\t","protected":false},"excerpt":{"rendered":"<p>Nous r\u00e9v\u00e9lons et d\u00e9veloppons votre potentiel Besoin de nous contacter ? Nous sommes disponibles pour toutes demandes d\u2019informations, de suggestions ou de r\u00e9clamations. Appelez le (+261) 34 20 00 650<\/p>\n","protected":false},"author":22,"featured_media":0,"parent":0,"menu_order":0,"comment_status":"closed","ping_status":"closed","template":"","meta":{"footnotes":""},"wf_page_folders":[],"class_list":["post-14134","page","type-page","status-publish","hentry"],"yoast_head":"<!-- This site is optimized with the Yoast SEO plugin v27.4 - https:\/\/yoast.com\/product\/yoast-seo-wordpress\/ -->\n<title>Devenir-client - Madagascar<\/title>\n<meta name=\"robots\" content=\"index, follow, max-snippet:-1, max-image-preview:large, max-video-preview:-1\" \/>\n<link rel=\"canonical\" href=\"https:\/\/baobab.com\/mg\/devenir-client\/\" \/>\n<meta property=\"og:locale\" content=\"fr_FR\" \/>\n<meta property=\"og:type\" content=\"article\" \/>\n<meta property=\"og:title\" content=\"Devenir-client - Madagascar\" \/>\n<meta property=\"og:description\" content=\"Nous r\u00e9v\u00e9lons et d\u00e9veloppons votre potentiel Besoin de nous contacter ? Nous sommes disponibles pour toutes demandes d\u2019informations, de suggestions ou de r\u00e9clamations. Appelez le (+261) 34 20 00 650\" \/>\n<meta property=\"og:url\" content=\"https:\/\/baobab.com\/mg\/devenir-client\/\" \/>\n<meta property=\"og:site_name\" content=\"Madagascar\" \/>\n<meta property=\"article:publisher\" content=\"https:\/\/fr-fr.facebook.com\/Baobabbanque\/\" \/>\n<meta property=\"article:modified_time\" content=\"2026-04-14T10:38:41+00:00\" \/>\n<meta name=\"twitter:card\" content=\"summary_large_image\" \/>\n<script type=\"application\/ld+json\" class=\"yoast-schema-graph\">{\"@context\":\"https:\\\/\\\/schema.org\",\"@graph\":[{\"@type\":\"WebPage\",\"@id\":\"https:\\\/\\\/baobab.com\\\/mg\\\/devenir-client\\\/\",\"url\":\"https:\\\/\\\/baobab.com\\\/mg\\\/devenir-client\\\/\",\"name\":\"Devenir-client - Madagascar\",\"isPartOf\":{\"@id\":\"https:\\\/\\\/baobab.com\\\/mg\\\/#website\"},\"datePublished\":\"2026-04-14T10:29:27+00:00\",\"dateModified\":\"2026-04-14T10:38:41+00:00\",\"breadcrumb\":{\"@id\":\"https:\\\/\\\/baobab.com\\\/mg\\\/devenir-client\\\/#breadcrumb\"},\"inLanguage\":\"fr-FR\",\"potentialAction\":[{\"@type\":\"ReadAction\",\"target\":[\"https:\\\/\\\/baobab.com\\\/mg\\\/devenir-client\\\/\"]}]},{\"@type\":\"BreadcrumbList\",\"@id\":\"https:\\\/\\\/baobab.com\\\/mg\\\/devenir-client\\\/#breadcrumb\",\"itemListElement\":[{\"@type\":\"ListItem\",\"position\":1,\"name\":\"Accueil\",\"item\":\"https:\\\/\\\/baobab.com\\\/mg\\\/\"},{\"@type\":\"ListItem\",\"position\":2,\"name\":\"Devenir-client\"}]},{\"@type\":\"WebSite\",\"@id\":\"https:\\\/\\\/baobab.com\\\/mg\\\/#website\",\"url\":\"https:\\\/\\\/baobab.com\\\/mg\\\/\",\"name\":\"Madagascar\",\"description\":\"Baobab Madagascar\",\"publisher\":{\"@id\":\"https:\\\/\\\/baobab.com\\\/mg\\\/#organization\"},\"potentialAction\":[{\"@type\":\"SearchAction\",\"target\":{\"@type\":\"EntryPoint\",\"urlTemplate\":\"https:\\\/\\\/baobab.com\\\/mg\\\/?s={search_term_string}\"},\"query-input\":{\"@type\":\"PropertyValueSpecification\",\"valueRequired\":true,\"valueName\":\"search_term_string\"}}],\"inLanguage\":\"fr-FR\"},{\"@type\":\"Organization\",\"@id\":\"https:\\\/\\\/baobab.com\\\/mg\\\/#organization\",\"name\":\"Baobab Madagascar\",\"url\":\"https:\\\/\\\/baobab.com\\\/mg\\\/\",\"logo\":{\"@type\":\"ImageObject\",\"inLanguage\":\"fr-FR\",\"@id\":\"https:\\\/\\\/baobab.com\\\/mg\\\/#\\\/schema\\\/logo\\\/image\\\/\",\"url\":\"https:\\\/\\\/baobab.com\\\/mg\\\/wp-content\\\/uploads\\\/sites\\\/24\\\/2018\\\/06\\\/BH_LOGO_COUL_FR_CREDIT.png\",\"contentUrl\":\"https:\\\/\\\/baobab.com\\\/mg\\\/wp-content\\\/uploads\\\/sites\\\/24\\\/2018\\\/06\\\/BH_LOGO_COUL_FR_CREDIT.png\",\"width\":\"2568\",\"height\":\"732\",\"caption\":\"Baobab Madagascar\"},\"image\":{\"@id\":\"https:\\\/\\\/baobab.com\\\/mg\\\/#\\\/schema\\\/logo\\\/image\\\/\"},\"sameAs\":[\"https:\\\/\\\/fr-fr.facebook.com\\\/Baobabbanque\\\/\",\"https:\\\/\\\/www.linkedin.com\\\/company\\\/baobab-by-microcred-madagascar\\\/\",\"https:\\\/\\\/www.youtube.com\\\/channel\\\/UCquse2ZhcjI9WCvPH0EozLg\"]}]}<\/script>\n<!-- \/ Yoast SEO plugin. -->","yoast_head_json":{"title":"Devenir-client - Madagascar","robots":{"index":"index","follow":"follow","max-snippet":"max-snippet:-1","max-image-preview":"max-image-preview:large","max-video-preview":"max-video-preview:-1"},"canonical":"https:\/\/baobab.com\/mg\/devenir-client\/","og_locale":"fr_FR","og_type":"article","og_title":"Devenir-client - Madagascar","og_description":"Nous r\u00e9v\u00e9lons et d\u00e9veloppons votre potentiel Besoin de nous contacter ? Nous sommes disponibles pour toutes demandes d\u2019informations, de suggestions ou de r\u00e9clamations. Appelez le (+261) 34 20 00 650","og_url":"https:\/\/baobab.com\/mg\/devenir-client\/","og_site_name":"Madagascar","article_publisher":"https:\/\/fr-fr.facebook.com\/Baobabbanque\/","article_modified_time":"2026-04-14T10:38:41+00:00","twitter_card":"summary_large_image","schema":{"@context":"https:\/\/schema.org","@graph":[{"@type":"WebPage","@id":"https:\/\/baobab.com\/mg\/devenir-client\/","url":"https:\/\/baobab.com\/mg\/devenir-client\/","name":"Devenir-client - Madagascar","isPartOf":{"@id":"https:\/\/baobab.com\/mg\/#website"},"datePublished":"2026-04-14T10:29:27+00:00","dateModified":"2026-04-14T10:38:41+00:00","breadcrumb":{"@id":"https:\/\/baobab.com\/mg\/devenir-client\/#breadcrumb"},"inLanguage":"fr-FR","potentialAction":[{"@type":"ReadAction","target":["https:\/\/baobab.com\/mg\/devenir-client\/"]}]},{"@type":"BreadcrumbList","@id":"https:\/\/baobab.com\/mg\/devenir-client\/#breadcrumb","itemListElement":[{"@type":"ListItem","position":1,"name":"Accueil","item":"https:\/\/baobab.com\/mg\/"},{"@type":"ListItem","position":2,"name":"Devenir-client"}]},{"@type":"WebSite","@id":"https:\/\/baobab.com\/mg\/#website","url":"https:\/\/baobab.com\/mg\/","name":"Madagascar","description":"Baobab Madagascar","publisher":{"@id":"https:\/\/baobab.com\/mg\/#organization"},"potentialAction":[{"@type":"SearchAction","target":{"@type":"EntryPoint","urlTemplate":"https:\/\/baobab.com\/mg\/?s={search_term_string}"},"query-input":{"@type":"PropertyValueSpecification","valueRequired":true,"valueName":"search_term_string"}}],"inLanguage":"fr-FR"},{"@type":"Organization","@id":"https:\/\/baobab.com\/mg\/#organization","name":"Baobab Madagascar","url":"https:\/\/baobab.com\/mg\/","logo":{"@type":"ImageObject","inLanguage":"fr-FR","@id":"https:\/\/baobab.com\/mg\/#\/schema\/logo\/image\/","url":"https:\/\/baobab.com\/mg\/wp-content\/uploads\/sites\/24\/2018\/06\/BH_LOGO_COUL_FR_CREDIT.png","contentUrl":"https:\/\/baobab.com\/mg\/wp-content\/uploads\/sites\/24\/2018\/06\/BH_LOGO_COUL_FR_CREDIT.png","width":"2568","height":"732","caption":"Baobab Madagascar"},"image":{"@id":"https:\/\/baobab.com\/mg\/#\/schema\/logo\/image\/"},"sameAs":["https:\/\/fr-fr.facebook.com\/Baobabbanque\/","https:\/\/www.linkedin.com\/company\/baobab-by-microcred-madagascar\/","https:\/\/www.youtube.com\/channel\/UCquse2ZhcjI9WCvPH0EozLg"]}]}},"_links":{"self":[{"href":"https:\/\/baobab.com\/mg\/wp-json\/wp\/v2\/pages\/14134","targetHints":{"allow":["GET"]}}],"collection":[{"href":"https:\/\/baobab.com\/mg\/wp-json\/wp\/v2\/pages"}],"about":[{"href":"https:\/\/baobab.com\/mg\/wp-json\/wp\/v2\/types\/page"}],"author":[{"embeddable":true,"href":"https:\/\/baobab.com\/mg\/wp-json\/wp\/v2\/users\/22"}],"replies":[{"embeddable":true,"href":"https:\/\/baobab.com\/mg\/wp-json\/wp\/v2\/comments?post=14134"}],"version-history":[{"count":4,"href":"https:\/\/baobab.com\/mg\/wp-json\/wp\/v2\/pages\/14134\/revisions"}],"predecessor-version":[{"id":14138,"href":"https:\/\/baobab.com\/mg\/wp-json\/wp\/v2\/pages\/14134\/revisions\/14138"}],"wp:attachment":[{"href":"https:\/\/baobab.com\/mg\/wp-json\/wp\/v2\/media?parent=14134"}],"wp:term":[{"taxonomy":"wf_page_folders","embeddable":true,"href":"https:\/\/baobab.com\/mg\/wp-json\/wp\/v2\/wf_page_folders?post=14134"}],"curies":[{"name":"wp","href":"https:\/\/api.w.org\/{rel}","templated":true}]}}