{"id":13972,"date":"2026-04-07T10:28:12","date_gmt":"2026-04-07T10:28:12","guid":{"rendered":"https:\/\/baobab.com\/mg\/?page_id=13972"},"modified":"2026-04-14T10:07:40","modified_gmt":"2026-04-14T10:07:40","slug":"baobab-contact-v2","status":"publish","type":"page","link":"https:\/\/baobab.com\/mg\/baobab-contact-v2\/","title":{"rendered":"Baobab Contact-V2"},"content":{"rendered":"\t\t<div data-elementor-type=\"wp-page\" data-elementor-id=\"13972\" class=\"elementor elementor-13972\" data-elementor-post-type=\"page\">\n\t\t\t\t\t\t<section data-particle_enable=\"false\" data-particle-mobile-disabled=\"false\" class=\"elementor-section elementor-top-section elementor-element elementor-element-00dd5ca elementor-section-full_width elementor-section-height-default elementor-section-height-default\" data-id=\"00dd5ca\" data-element_type=\"section\" data-e-type=\"section\">\n\t\t\t\t\t\t<div class=\"elementor-container elementor-column-gap-default\">\n\t\t\t\t\t<div class=\"elementor-column elementor-col-100 elementor-top-column elementor-element elementor-element-2df50d5\" data-id=\"2df50d5\" data-element_type=\"column\" data-e-type=\"column\">\n\t\t\t<div class=\"elementor-widget-wrap elementor-element-populated\">\n\t\t\t\t\t\t<section data-particle_enable=\"false\" data-particle-mobile-disabled=\"false\" class=\"elementor-section elementor-inner-section elementor-element elementor-element-c4efc16 elementor-section-height-min-height elementor-section-boxed elementor-section-height-default\" data-id=\"c4efc16\" data-element_type=\"section\" data-e-type=\"section\">\n\t\t\t\t\t\t<div class=\"elementor-container elementor-column-gap-default\">\n\t\t\t\t\t<div class=\"elementor-column elementor-col-100 elementor-inner-column elementor-element elementor-element-38a4504\" data-id=\"38a4504\" data-element_type=\"column\" data-e-type=\"column\" data-settings=\"{&quot;background_background&quot;:&quot;gradient&quot;}\">\n\t\t\t<div class=\"elementor-widget-wrap\">\n\t\t\t\t\t\t\t<\/div>\n\t\t<\/div>\n\t\t\t\t\t<\/div>\n\t\t<\/section>\n\t\t\t\t\t<\/div>\n\t\t<\/div>\n\t\t\t\t\t<\/div>\n\t\t<\/section>\n\t\t\t\t<section data-particle_enable=\"false\" data-particle-mobile-disabled=\"false\" class=\"elementor-section elementor-top-section elementor-element elementor-element-39c2d02 elementor-section-height-min-height elementor-section-boxed elementor-section-height-default elementor-section-items-middle\" data-id=\"39c2d02\" data-element_type=\"section\" data-e-type=\"section\">\n\t\t\t\t\t\t<div class=\"elementor-container elementor-column-gap-default\">\n\t\t\t\t\t<div class=\"elementor-column elementor-col-100 elementor-top-column elementor-element elementor-element-2e22d8b\" data-id=\"2e22d8b\" data-element_type=\"column\" data-e-type=\"column\">\n\t\t\t<div class=\"elementor-widget-wrap elementor-element-populated\">\n\t\t\t\t\t\t<div class=\"elementor-element elementor-element-8540076 elementor-widget elementor-widget-heading\" data-id=\"8540076\" data-element_type=\"widget\" data-e-type=\"widget\" data-widget_type=\"heading.default\">\n\t\t\t\t<div class=\"elementor-widget-container\">\n\t\t\t\t\t<h2 class=\"elementor-heading-title elementor-size-default\">Baobab Banque Madagascar<\/h2>\t\t\t\t<\/div>\n\t\t\t\t<\/div>\n\t\t\t\t<div class=\"elementor-element elementor-element-f0b4391 elementor-widget elementor-widget-text-editor\" data-id=\"f0b4391\" data-element_type=\"widget\" data-e-type=\"widget\" data-widget_type=\"text-editor.default\">\n\t\t\t\t<div class=\"elementor-widget-container\">\n\t\t\t\t\t\t\t\t\t<p>Besoin de nous contacter ? Nous sommes disponibles pour toutes demandes d\u2019informations, de suggestions ou de r\u00e9clamations.<\/p><p>Appelez le <a style=\"color: #e40473\" href=\"tel:+(261) 02 02 36 16 26\">(+261) 34 20 00 650<\/a><\/p>\t\t\t\t\t\t\t\t<\/div>\n\t\t\t\t<\/div>\n\t\t\t\t\t<\/div>\n\t\t<\/div>\n\t\t\t\t\t<\/div>\n\t\t<\/section>\n\t\t\t\t<section data-particle_enable=\"false\" data-particle-mobile-disabled=\"false\" class=\"elementor-section elementor-top-section elementor-element elementor-element-8f8422c elementor-section-height-min-height elementor-section-boxed elementor-section-height-default elementor-section-items-middle\" data-id=\"8f8422c\" data-element_type=\"section\" data-e-type=\"section\">\n\t\t\t\t\t\t<div class=\"elementor-container elementor-column-gap-default\">\n\t\t\t\t\t<div class=\"elementor-column elementor-col-33 elementor-top-column elementor-element elementor-element-b6677b6\" data-id=\"b6677b6\" data-element_type=\"column\" data-e-type=\"column\">\n\t\t\t<div class=\"elementor-widget-wrap elementor-element-populated\">\n\t\t\t\t\t\t<section data-particle_enable=\"false\" data-particle-mobile-disabled=\"false\" class=\"elementor-section elementor-inner-section elementor-element elementor-element-689d088 elementor-section-height-min-height elementor-section-boxed elementor-section-height-default\" data-id=\"689d088\" data-element_type=\"section\" data-e-type=\"section\" data-settings=\"{&quot;background_background&quot;:&quot;classic&quot;}\">\n\t\t\t\t\t\t<div class=\"elementor-container elementor-column-gap-default\">\n\t\t\t\t\t<div class=\"elementor-column elementor-col-100 elementor-inner-column elementor-element elementor-element-dccfb8a\" data-id=\"dccfb8a\" data-element_type=\"column\" data-e-type=\"column\">\n\t\t\t<div class=\"elementor-widget-wrap elementor-element-populated\">\n\t\t\t\t\t\t<div class=\"elementor-element elementor-element-bc42887 elementor-view-stacked elementor-shape-circle elementor-widget elementor-widget-icon\" data-id=\"bc42887\" data-element_type=\"widget\" data-e-type=\"widget\" data-widget_type=\"icon.default\">\n\t\t\t\t<div class=\"elementor-widget-container\">\n\t\t\t\t\t\t\t<div class=\"elementor-icon-wrapper\">\n\t\t\t<div class=\"elementor-icon\">\n\t\t\t<i aria-hidden=\"true\" class=\"fas fa-map-marker-alt\"><\/i>\t\t\t<\/div>\n\t\t<\/div>\n\t\t\t\t\t\t<\/div>\n\t\t\t\t<\/div>\n\t\t\t\t<div class=\"elementor-element elementor-element-09b687a elementor-widget elementor-widget-heading\" data-id=\"09b687a\" data-element_type=\"widget\" data-e-type=\"widget\" data-widget_type=\"heading.default\">\n\t\t\t\t<div class=\"elementor-widget-container\">\n\t\t\t\t\t<h5 class=\"elementor-heading-title elementor-size-default\">Si\u00e8ge<\/h5>\t\t\t\t<\/div>\n\t\t\t\t<\/div>\n\t\t\t\t<div class=\"elementor-element elementor-element-edd6888 elementor-widget elementor-widget-text-editor\" data-id=\"edd6888\" data-element_type=\"widget\" data-e-type=\"widget\" data-widget_type=\"text-editor.default\">\n\t\t\t\t<div class=\"elementor-widget-container\">\n\t\t\t\t\t\t\t\t\t<p>BP 7119 \u2013 B\u00e2timent Ariane 5 A zone Galaxy Andraharo Antananarivo<\/p>\t\t\t\t\t\t\t\t<\/div>\n\t\t\t\t<\/div>\n\t\t\t\t\t<\/div>\n\t\t<\/div>\n\t\t\t\t\t<\/div>\n\t\t<\/section>\n\t\t\t\t\t<\/div>\n\t\t<\/div>\n\t\t\t\t<div class=\"elementor-column elementor-col-33 elementor-top-column elementor-element elementor-element-eade85f\" data-id=\"eade85f\" data-element_type=\"column\" data-e-type=\"column\">\n\t\t\t<div class=\"elementor-widget-wrap elementor-element-populated\">\n\t\t\t\t\t\t<section data-particle_enable=\"false\" data-particle-mobile-disabled=\"false\" class=\"elementor-section elementor-inner-section elementor-element elementor-element-d926561 elementor-section-height-min-height elementor-section-boxed elementor-section-height-default\" data-id=\"d926561\" data-element_type=\"section\" data-e-type=\"section\" data-settings=\"{&quot;background_background&quot;:&quot;classic&quot;}\">\n\t\t\t\t\t\t<div class=\"elementor-container elementor-column-gap-default\">\n\t\t\t\t\t<div class=\"elementor-column elementor-col-100 elementor-inner-column elementor-element elementor-element-d35aa5c\" data-id=\"d35aa5c\" data-element_type=\"column\" data-e-type=\"column\">\n\t\t\t<div class=\"elementor-widget-wrap elementor-element-populated\">\n\t\t\t\t\t\t<div class=\"elementor-element elementor-element-b54a937 elementor-view-stacked elementor-shape-circle elementor-widget elementor-widget-icon\" data-id=\"b54a937\" data-element_type=\"widget\" data-e-type=\"widget\" data-widget_type=\"icon.default\">\n\t\t\t\t<div class=\"elementor-widget-container\">\n\t\t\t\t\t\t\t<div class=\"elementor-icon-wrapper\">\n\t\t\t<div class=\"elementor-icon\">\n\t\t\t<i aria-hidden=\"true\" class=\"fas fa-envelope\"><\/i>\t\t\t<\/div>\n\t\t<\/div>\n\t\t\t\t\t\t<\/div>\n\t\t\t\t<\/div>\n\t\t\t\t<div class=\"elementor-element elementor-element-6a13f70 elementor-widget elementor-widget-heading\" data-id=\"6a13f70\" data-element_type=\"widget\" data-e-type=\"widget\" data-widget_type=\"heading.default\">\n\t\t\t\t<div class=\"elementor-widget-container\">\n\t\t\t\t\t<h5 class=\"elementor-heading-title elementor-size-default\">Email<\/h5>\t\t\t\t<\/div>\n\t\t\t\t<\/div>\n\t\t\t\t<div class=\"elementor-element elementor-element-1fc502f elementor-widget elementor-widget-text-editor\" data-id=\"1fc502f\" data-element_type=\"widget\" data-e-type=\"widget\" data-widget_type=\"text-editor.default\">\n\t\t\t\t<div class=\"elementor-widget-container\">\n\t\t\t\t\t\t\t\t\t<p>contactmadagascar@baobab.com<\/p>\t\t\t\t\t\t\t\t<\/div>\n\t\t\t\t<\/div>\n\t\t\t\t\t<\/div>\n\t\t<\/div>\n\t\t\t\t\t<\/div>\n\t\t<\/section>\n\t\t\t\t\t<\/div>\n\t\t<\/div>\n\t\t\t\t<div class=\"elementor-column elementor-col-33 elementor-top-column elementor-element elementor-element-f281528\" data-id=\"f281528\" data-element_type=\"column\" data-e-type=\"column\">\n\t\t\t<div class=\"elementor-widget-wrap elementor-element-populated\">\n\t\t\t\t\t\t<section data-particle_enable=\"false\" data-particle-mobile-disabled=\"false\" class=\"elementor-section elementor-inner-section elementor-element elementor-element-152a996 elementor-section-height-min-height elementor-section-boxed elementor-section-height-default\" data-id=\"152a996\" data-element_type=\"section\" data-e-type=\"section\" data-settings=\"{&quot;background_background&quot;:&quot;classic&quot;}\">\n\t\t\t\t\t\t<div class=\"elementor-container elementor-column-gap-default\">\n\t\t\t\t\t<div class=\"elementor-column elementor-col-100 elementor-inner-column elementor-element elementor-element-852c1cb\" data-id=\"852c1cb\" data-element_type=\"column\" data-e-type=\"column\">\n\t\t\t<div class=\"elementor-widget-wrap elementor-element-populated\">\n\t\t\t\t\t\t<div class=\"elementor-element elementor-element-dd6e311 elementor-view-stacked elementor-shape-circle elementor-widget elementor-widget-icon\" data-id=\"dd6e311\" data-element_type=\"widget\" data-e-type=\"widget\" data-widget_type=\"icon.default\">\n\t\t\t\t<div class=\"elementor-widget-container\">\n\t\t\t\t\t\t\t<div class=\"elementor-icon-wrapper\">\n\t\t\t<div class=\"elementor-icon\">\n\t\t\t<i aria-hidden=\"true\" class=\"fas fa-phone-alt\"><\/i>\t\t\t<\/div>\n\t\t<\/div>\n\t\t\t\t\t\t<\/div>\n\t\t\t\t<\/div>\n\t\t\t\t<div class=\"elementor-element elementor-element-431d8a2 elementor-widget elementor-widget-heading\" data-id=\"431d8a2\" data-element_type=\"widget\" data-e-type=\"widget\" data-widget_type=\"heading.default\">\n\t\t\t\t<div class=\"elementor-widget-container\">\n\t\t\t\t\t<h5 class=\"elementor-heading-title elementor-size-default\">T\u00e9l\u00e9phone<\/h5>\t\t\t\t<\/div>\n\t\t\t\t<\/div>\n\t\t\t\t<div class=\"elementor-element elementor-element-13288e6 elementor-widget elementor-widget-text-editor\" data-id=\"13288e6\" data-element_type=\"widget\" data-e-type=\"widget\" data-widget_type=\"text-editor.default\">\n\t\t\t\t<div class=\"elementor-widget-container\">\n\t\t\t\t\t\t\t\t\t<p><a style=\"color: #4e107c\" href=\"tel:+(261) 02 02 36 16 26\">(+261) 34 20 00 650<\/a><\/p>\t\t\t\t\t\t\t\t<\/div>\n\t\t\t\t<\/div>\n\t\t\t\t\t<\/div>\n\t\t<\/div>\n\t\t\t\t\t<\/div>\n\t\t<\/section>\n\t\t\t\t\t<\/div>\n\t\t<\/div>\n\t\t\t\t\t<\/div>\n\t\t<\/section>\n\t\t\t\t<\/div>\n\t\t","protected":false},"excerpt":{"rendered":"<p>Baobab Banque Madagascar Besoin de nous contacter ? Nous sommes disponibles pour toutes demandes d\u2019informations, de suggestions ou de r\u00e9clamations. Appelez le (+261) 34 20 00 650 Si\u00e8ge BP 7119 \u2013 B\u00e2timent Ariane 5 A zone Galaxy Andraharo Antananarivo Email contactmadagascar@baobab.com T\u00e9l\u00e9phone (+261) 34 20 00 650<\/p>\n","protected":false},"author":22,"featured_media":0,"parent":0,"menu_order":0,"comment_status":"closed","ping_status":"closed","template":"","meta":{"footnotes":""},"wf_page_folders":[],"class_list":["post-13972","page","type-page","status-publish","hentry"],"yoast_head":"<!-- This site is optimized with the Yoast SEO plugin v27.4 - https:\/\/yoast.com\/product\/yoast-seo-wordpress\/ -->\n<title>Baobab Contact-V2 - Madagascar<\/title>\n<meta name=\"robots\" content=\"index, follow, max-snippet:-1, max-image-preview:large, max-video-preview:-1\" \/>\n<link rel=\"canonical\" href=\"https:\/\/baobab.com\/mg\/baobab-contact-v2\/\" \/>\n<meta property=\"og:locale\" content=\"fr_FR\" \/>\n<meta property=\"og:type\" content=\"article\" \/>\n<meta property=\"og:title\" content=\"Baobab Contact-V2 - Madagascar\" \/>\n<meta property=\"og:description\" content=\"Baobab Banque Madagascar Besoin de nous contacter ? Nous sommes disponibles pour toutes demandes d\u2019informations, de suggestions ou de r\u00e9clamations. Appelez le (+261) 34 20 00 650 Si\u00e8ge BP 7119 \u2013 B\u00e2timent Ariane 5 A zone Galaxy Andraharo Antananarivo Email contactmadagascar@baobab.com T\u00e9l\u00e9phone (+261) 34 20 00 650\" \/>\n<meta property=\"og:url\" content=\"https:\/\/baobab.com\/mg\/baobab-contact-v2\/\" \/>\n<meta property=\"og:site_name\" content=\"Madagascar\" \/>\n<meta property=\"article:publisher\" content=\"https:\/\/fr-fr.facebook.com\/Baobabbanque\/\" \/>\n<meta property=\"article:modified_time\" content=\"2026-04-14T10:07:40+00:00\" \/>\n<meta name=\"twitter:card\" content=\"summary_large_image\" \/>\n<script type=\"application\/ld+json\" class=\"yoast-schema-graph\">{\"@context\":\"https:\\\/\\\/schema.org\",\"@graph\":[{\"@type\":\"WebPage\",\"@id\":\"https:\\\/\\\/baobab.com\\\/mg\\\/baobab-contact-v2\\\/\",\"url\":\"https:\\\/\\\/baobab.com\\\/mg\\\/baobab-contact-v2\\\/\",\"name\":\"Baobab Contact-V2 - Madagascar\",\"isPartOf\":{\"@id\":\"https:\\\/\\\/baobab.com\\\/mg\\\/#website\"},\"datePublished\":\"2026-04-07T10:28:12+00:00\",\"dateModified\":\"2026-04-14T10:07:40+00:00\",\"breadcrumb\":{\"@id\":\"https:\\\/\\\/baobab.com\\\/mg\\\/baobab-contact-v2\\\/#breadcrumb\"},\"inLanguage\":\"fr-FR\",\"potentialAction\":[{\"@type\":\"ReadAction\",\"target\":[\"https:\\\/\\\/baobab.com\\\/mg\\\/baobab-contact-v2\\\/\"]}]},{\"@type\":\"BreadcrumbList\",\"@id\":\"https:\\\/\\\/baobab.com\\\/mg\\\/baobab-contact-v2\\\/#breadcrumb\",\"itemListElement\":[{\"@type\":\"ListItem\",\"position\":1,\"name\":\"Accueil\",\"item\":\"https:\\\/\\\/baobab.com\\\/mg\\\/\"},{\"@type\":\"ListItem\",\"position\":2,\"name\":\"Baobab Contact-V2\"}]},{\"@type\":\"WebSite\",\"@id\":\"https:\\\/\\\/baobab.com\\\/mg\\\/#website\",\"url\":\"https:\\\/\\\/baobab.com\\\/mg\\\/\",\"name\":\"Madagascar\",\"description\":\"Baobab Madagascar\",\"publisher\":{\"@id\":\"https:\\\/\\\/baobab.com\\\/mg\\\/#organization\"},\"potentialAction\":[{\"@type\":\"SearchAction\",\"target\":{\"@type\":\"EntryPoint\",\"urlTemplate\":\"https:\\\/\\\/baobab.com\\\/mg\\\/?s={search_term_string}\"},\"query-input\":{\"@type\":\"PropertyValueSpecification\",\"valueRequired\":true,\"valueName\":\"search_term_string\"}}],\"inLanguage\":\"fr-FR\"},{\"@type\":\"Organization\",\"@id\":\"https:\\\/\\\/baobab.com\\\/mg\\\/#organization\",\"name\":\"Baobab Madagascar\",\"url\":\"https:\\\/\\\/baobab.com\\\/mg\\\/\",\"logo\":{\"@type\":\"ImageObject\",\"inLanguage\":\"fr-FR\",\"@id\":\"https:\\\/\\\/baobab.com\\\/mg\\\/#\\\/schema\\\/logo\\\/image\\\/\",\"url\":\"https:\\\/\\\/baobab.com\\\/mg\\\/wp-content\\\/uploads\\\/sites\\\/24\\\/2018\\\/06\\\/BH_LOGO_COUL_FR_CREDIT.png\",\"contentUrl\":\"https:\\\/\\\/baobab.com\\\/mg\\\/wp-content\\\/uploads\\\/sites\\\/24\\\/2018\\\/06\\\/BH_LOGO_COUL_FR_CREDIT.png\",\"width\":\"2568\",\"height\":\"732\",\"caption\":\"Baobab Madagascar\"},\"image\":{\"@id\":\"https:\\\/\\\/baobab.com\\\/mg\\\/#\\\/schema\\\/logo\\\/image\\\/\"},\"sameAs\":[\"https:\\\/\\\/fr-fr.facebook.com\\\/Baobabbanque\\\/\",\"https:\\\/\\\/www.linkedin.com\\\/company\\\/baobab-by-microcred-madagascar\\\/\",\"https:\\\/\\\/www.youtube.com\\\/channel\\\/UCquse2ZhcjI9WCvPH0EozLg\"]}]}<\/script>\n<!-- \/ Yoast SEO plugin. -->","yoast_head_json":{"title":"Baobab Contact-V2 - Madagascar","robots":{"index":"index","follow":"follow","max-snippet":"max-snippet:-1","max-image-preview":"max-image-preview:large","max-video-preview":"max-video-preview:-1"},"canonical":"https:\/\/baobab.com\/mg\/baobab-contact-v2\/","og_locale":"fr_FR","og_type":"article","og_title":"Baobab Contact-V2 - Madagascar","og_description":"Baobab Banque Madagascar Besoin de nous contacter ? Nous sommes disponibles pour toutes demandes d\u2019informations, de suggestions ou de r\u00e9clamations. Appelez le (+261) 34 20 00 650 Si\u00e8ge BP 7119 \u2013 B\u00e2timent Ariane 5 A zone Galaxy Andraharo Antananarivo Email contactmadagascar@baobab.com T\u00e9l\u00e9phone (+261) 34 20 00 650","og_url":"https:\/\/baobab.com\/mg\/baobab-contact-v2\/","og_site_name":"Madagascar","article_publisher":"https:\/\/fr-fr.facebook.com\/Baobabbanque\/","article_modified_time":"2026-04-14T10:07:40+00:00","twitter_card":"summary_large_image","schema":{"@context":"https:\/\/schema.org","@graph":[{"@type":"WebPage","@id":"https:\/\/baobab.com\/mg\/baobab-contact-v2\/","url":"https:\/\/baobab.com\/mg\/baobab-contact-v2\/","name":"Baobab Contact-V2 - Madagascar","isPartOf":{"@id":"https:\/\/baobab.com\/mg\/#website"},"datePublished":"2026-04-07T10:28:12+00:00","dateModified":"2026-04-14T10:07:40+00:00","breadcrumb":{"@id":"https:\/\/baobab.com\/mg\/baobab-contact-v2\/#breadcrumb"},"inLanguage":"fr-FR","potentialAction":[{"@type":"ReadAction","target":["https:\/\/baobab.com\/mg\/baobab-contact-v2\/"]}]},{"@type":"BreadcrumbList","@id":"https:\/\/baobab.com\/mg\/baobab-contact-v2\/#breadcrumb","itemListElement":[{"@type":"ListItem","position":1,"name":"Accueil","item":"https:\/\/baobab.com\/mg\/"},{"@type":"ListItem","position":2,"name":"Baobab Contact-V2"}]},{"@type":"WebSite","@id":"https:\/\/baobab.com\/mg\/#website","url":"https:\/\/baobab.com\/mg\/","name":"Madagascar","description":"Baobab Madagascar","publisher":{"@id":"https:\/\/baobab.com\/mg\/#organization"},"potentialAction":[{"@type":"SearchAction","target":{"@type":"EntryPoint","urlTemplate":"https:\/\/baobab.com\/mg\/?s={search_term_string}"},"query-input":{"@type":"PropertyValueSpecification","valueRequired":true,"valueName":"search_term_string"}}],"inLanguage":"fr-FR"},{"@type":"Organization","@id":"https:\/\/baobab.com\/mg\/#organization","name":"Baobab Madagascar","url":"https:\/\/baobab.com\/mg\/","logo":{"@type":"ImageObject","inLanguage":"fr-FR","@id":"https:\/\/baobab.com\/mg\/#\/schema\/logo\/image\/","url":"https:\/\/baobab.com\/mg\/wp-content\/uploads\/sites\/24\/2018\/06\/BH_LOGO_COUL_FR_CREDIT.png","contentUrl":"https:\/\/baobab.com\/mg\/wp-content\/uploads\/sites\/24\/2018\/06\/BH_LOGO_COUL_FR_CREDIT.png","width":"2568","height":"732","caption":"Baobab Madagascar"},"image":{"@id":"https:\/\/baobab.com\/mg\/#\/schema\/logo\/image\/"},"sameAs":["https:\/\/fr-fr.facebook.com\/Baobabbanque\/","https:\/\/www.linkedin.com\/company\/baobab-by-microcred-madagascar\/","https:\/\/www.youtube.com\/channel\/UCquse2ZhcjI9WCvPH0EozLg"]}]}},"_links":{"self":[{"href":"https:\/\/baobab.com\/mg\/wp-json\/wp\/v2\/pages\/13972","targetHints":{"allow":["GET"]}}],"collection":[{"href":"https:\/\/baobab.com\/mg\/wp-json\/wp\/v2\/pages"}],"about":[{"href":"https:\/\/baobab.com\/mg\/wp-json\/wp\/v2\/types\/page"}],"author":[{"embeddable":true,"href":"https:\/\/baobab.com\/mg\/wp-json\/wp\/v2\/users\/22"}],"replies":[{"embeddable":true,"href":"https:\/\/baobab.com\/mg\/wp-json\/wp\/v2\/comments?post=13972"}],"version-history":[{"count":10,"href":"https:\/\/baobab.com\/mg\/wp-json\/wp\/v2\/pages\/13972\/revisions"}],"predecessor-version":[{"id":13983,"href":"https:\/\/baobab.com\/mg\/wp-json\/wp\/v2\/pages\/13972\/revisions\/13983"}],"wp:attachment":[{"href":"https:\/\/baobab.com\/mg\/wp-json\/wp\/v2\/media?parent=13972"}],"wp:term":[{"taxonomy":"wf_page_folders","embeddable":true,"href":"https:\/\/baobab.com\/mg\/wp-json\/wp\/v2\/wf_page_folders?post=13972"}],"curies":[{"name":"wp","href":"https:\/\/api.w.org\/{rel}","templated":true}]}}