{"id":13915,"date":"2026-04-07T16:26:42","date_gmt":"2026-04-07T16:26:42","guid":{"rendered":"https:\/\/baobab.com\/mg\/?page_id=13915"},"modified":"2026-04-10T10:56:24","modified_gmt":"2026-04-10T10:56:24","slug":"baobab-reseaux-v2-copy","status":"publish","type":"page","link":"https:\/\/baobab.com\/mg\/baobab-reseaux-v2-copy\/","title":{"rendered":"baobab-r\u00e9seaux-V2 &#8211; Copy"},"content":{"rendered":"\t\t<div data-elementor-type=\"wp-page\" data-elementor-id=\"13915\" class=\"elementor elementor-13915\" data-elementor-post-type=\"page\">\n\t\t\t\t\t\t<section data-particle_enable=\"false\" data-particle-mobile-disabled=\"false\" class=\"elementor-section elementor-top-section elementor-element elementor-element-00dd5ca elementor-section-full_width elementor-section-height-default elementor-section-height-default\" data-id=\"00dd5ca\" data-element_type=\"section\" data-e-type=\"section\">\n\t\t\t\t\t\t<div class=\"elementor-container elementor-column-gap-default\">\n\t\t\t\t\t<div class=\"elementor-column elementor-col-100 elementor-top-column elementor-element elementor-element-2df50d5\" data-id=\"2df50d5\" data-element_type=\"column\" data-e-type=\"column\">\n\t\t\t<div class=\"elementor-widget-wrap elementor-element-populated\">\n\t\t\t\t\t\t<section data-particle_enable=\"false\" data-particle-mobile-disabled=\"false\" class=\"elementor-section elementor-inner-section elementor-element elementor-element-c4efc16 elementor-section-height-min-height elementor-section-boxed elementor-section-height-default\" data-id=\"c4efc16\" data-element_type=\"section\" data-e-type=\"section\">\n\t\t\t\t\t\t<div class=\"elementor-container elementor-column-gap-default\">\n\t\t\t\t\t<div class=\"elementor-column elementor-col-100 elementor-inner-column elementor-element elementor-element-38a4504\" data-id=\"38a4504\" data-element_type=\"column\" data-e-type=\"column\" data-settings=\"{&quot;background_background&quot;:&quot;gradient&quot;}\">\n\t\t\t<div class=\"elementor-widget-wrap\">\n\t\t\t\t\t\t\t<\/div>\n\t\t<\/div>\n\t\t\t\t\t<\/div>\n\t\t<\/section>\n\t\t\t\t\t<\/div>\n\t\t<\/div>\n\t\t\t\t\t<\/div>\n\t\t<\/section>\n\t\t\t\t<section data-particle_enable=\"false\" data-particle-mobile-disabled=\"false\" class=\"elementor-section elementor-top-section elementor-element elementor-element-39c2d02 elementor-section-height-min-height elementor-section-boxed elementor-section-height-default elementor-section-items-middle\" data-id=\"39c2d02\" data-element_type=\"section\" data-e-type=\"section\">\n\t\t\t\t\t\t<div class=\"elementor-container elementor-column-gap-default\">\n\t\t\t\t\t<div class=\"elementor-column elementor-col-100 elementor-top-column elementor-element elementor-element-2e22d8b\" data-id=\"2e22d8b\" data-element_type=\"column\" data-e-type=\"column\">\n\t\t\t<div class=\"elementor-widget-wrap elementor-element-populated\">\n\t\t\t\t\t\t<div class=\"elementor-element elementor-element-8540076 elementor-widget elementor-widget-heading\" data-id=\"8540076\" data-element_type=\"widget\" data-e-type=\"widget\" data-widget_type=\"heading.default\">\n\t\t\t\t<div class=\"elementor-widget-container\">\n\t\t\t\t\t<h2 class=\"elementor-heading-title elementor-size-default\">Notre r\u00e9seau<\/h2>\t\t\t\t<\/div>\n\t\t\t\t<\/div>\n\t\t\t\t<div class=\"elementor-element elementor-element-f0b4391 elementor-widget elementor-widget-text-editor\" data-id=\"f0b4391\" data-element_type=\"widget\" data-e-type=\"widget\" data-widget_type=\"text-editor.default\">\n\t\t\t\t<div class=\"elementor-widget-container\">\n\t\t\t\t\t\t\t\t\t<p>Aimerez-vous prendre un rendez-vous chez nous ?<\/p>\t\t\t\t\t\t\t\t<\/div>\n\t\t\t\t<\/div>\n\t\t\t\t<div class=\"elementor-element elementor-element-ad010ec elementor-align-left elementor-widget elementor-widget-button\" data-id=\"ad010ec\" data-element_type=\"widget\" data-e-type=\"widget\" data-widget_type=\"button.default\">\n\t\t\t\t<div class=\"elementor-widget-container\">\n\t\t\t\t\t\t\t\t\t<div class=\"elementor-button-wrapper\">\n\t\t\t\t\t<a class=\"elementor-button elementor-button-link elementor-size-sm\" href=\"tel:(+261)%2034%2020%2000%20650\">\n\t\t\t\t\t\t<span class=\"elementor-button-content-wrapper\">\n\t\t\t\t\t\t\t\t\t<span class=\"elementor-button-text\">Contactez-nous <\/span>\n\t\t\t\t\t<\/span>\n\t\t\t\t\t<\/a>\n\t\t\t\t<\/div>\n\t\t\t\t\t\t\t\t<\/div>\n\t\t\t\t<\/div>\n\t\t\t\t\t<\/div>\n\t\t<\/div>\n\t\t\t\t\t<\/div>\n\t\t<\/section>\n\t\t\t\t<section data-particle_enable=\"false\" data-particle-mobile-disabled=\"false\" class=\"elementor-section elementor-top-section elementor-element elementor-element-270b8d8 elementor-section-height-min-height elementor-section-boxed elementor-section-height-default elementor-section-items-middle\" data-id=\"270b8d8\" data-element_type=\"section\" data-e-type=\"section\">\n\t\t\t\t\t\t<div class=\"elementor-container elementor-column-gap-default\">\n\t\t\t\t\t<div class=\"elementor-column elementor-col-100 elementor-top-column elementor-element elementor-element-cbf2cb3 elementor-invisible\" data-id=\"cbf2cb3\" data-element_type=\"column\" data-e-type=\"column\" data-settings=\"{&quot;background_background&quot;:&quot;classic&quot;,&quot;animation&quot;:&quot;fadeIn&quot;}\">\n\t\t\t<div class=\"elementor-widget-wrap elementor-element-populated\">\n\t\t\t\t\t\t<div class=\"elementor-element elementor-element-66f46f9 elementor-widget elementor-widget-shortcode\" data-id=\"66f46f9\" data-element_type=\"widget\" data-e-type=\"widget\" data-widget_type=\"shortcode.default\">\n\t\t\t\t<div class=\"elementor-widget-container\">\n\t\t\t\t\t\t\t<div class=\"elementor-shortcode\"><div class='prettyMapList above cf' id='MapListPro0'><!--The Map --><div id='map-canvas0' class='mapHolder'><\/div><!-- hidden div that gets bound --><div data-bind=\"map: $data.filteredLocations()\"><\/div><!-- Search, Filters, Sorting bar --><div class='prettyFileBar clearfix'><!-- Sorting button --><\/div><!--Message bar--><div class='prettyMessage' data-bind='visible: anyLocationsAvailable' style='display:none;'><span>Aucun emplacement correspondant <\/span><a class='btn' href='#' data-bind='click:clearSearch'>Voir tous les emplacements<\/a><\/div><div class='prettyMessage' data-bind='visible: geocodeFail' style='display:none;'><span>No location found <\/span><a class='btn' href='#' data-bind='click:clearSearch'>Voir tous les emplacements<\/a><\/div><div id='ListContainer'><!--The List --><ul class='unstyled prettyListItems loading' data-bind='foreach: {data: pagedLocations}'><li class='corePrettyStyle prettylink map location' data-bind='css: $data.cssClass,click: $root.locationClick'><a href='#' class='viewLocationDetail clearfix'><!-- ko if: $data.smallImageUrl --><img src='#' data-bind='attr:{src: $data.smallImageUrl}' class='smallImage' \/><!-- \/ko --><span data-bind='html:$data.title'><\/span><span data-bind='text:$data.friendlyDistance'><\/span><\/a><!--Expanded item--><div class='mapLocationDetail clearfix' style='display:none;' data-bind='slideIn: $data.expanded,slideOut: $data.expanded'><div class='mapDescription clearfix'><!-- ko if: $data.imageUrl --><img src='#' data-bind='attr:{src: $data.imageUrl}' class='featuredImage float_left' \/><!-- \/ko --><div class='description float_left'><div data-bind='{html:$data.description}'><\/div><\/div><\/div><!-- ko if: $data.locationUrl--><a href='#' class='viewLocationPage btn corePrettyStyle' data-bind='attr:{href:$data.locationUrl}'>Voir les d\u00e9tails de l'emplacement<\/a><!-- \/ko --><\/div><\/li><\/ul><\/div><div class='prettyPagination'><a class='pfl_next btn corePrettyStyle' href='#' data-bind='click: nextPage,css:nextPageButtonCSS'>Suivante &raquo;<\/a><div data-bind=\"visible: pagingVisible\" class=\"pagingInfo\">Page <span class='currentPage' data-bind='text: currentPageNumber'><\/span> de <span data-bind='text: totalPages' class='totalPages'><\/span><\/div><a class='pfl_prev btn corePrettyStyle' data-bind='click: prevPage,css:prevPageButtonCSS' href='#'>&laquo; Pr\u00e9c\u00e9cente<\/a><\/div><\/div><\/div>\n\t\t\t\t\t\t<\/div>\n\t\t\t\t<\/div>\n\t\t\t\t\t<\/div>\n\t\t<\/div>\n\t\t\t\t\t<\/div>\n\t\t<\/section>\n\t\t\t\t<section data-particle_enable=\"false\" data-particle-mobile-disabled=\"false\" class=\"elementor-section elementor-top-section elementor-element elementor-element-f23e39c elementor-section-height-min-height elementor-hidden-desktop elementor-hidden-laptop elementor-hidden-tablet elementor-hidden-mobile elementor-section-boxed elementor-section-height-default elementor-section-items-middle\" data-id=\"f23e39c\" data-element_type=\"section\" data-e-type=\"section\">\n\t\t\t\t\t\t<div class=\"elementor-container elementor-column-gap-default\">\n\t\t\t\t\t<div class=\"elementor-column elementor-col-100 elementor-top-column elementor-element elementor-element-dec4988\" data-id=\"dec4988\" data-element_type=\"column\" data-e-type=\"column\">\n\t\t\t<div class=\"elementor-widget-wrap elementor-element-populated\">\n\t\t\t\t\t\t<div class=\"elementor-element elementor-element-7925b6f elementor-widget__width-auto elementor-widget elementor-widget-heading\" data-id=\"7925b6f\" data-element_type=\"widget\" data-e-type=\"widget\" data-widget_type=\"heading.default\">\n\t\t\t\t<div class=\"elementor-widget-container\">\n\t\t\t\t\t<h2 class=\"elementor-heading-title elementor-size-default\">Nos actionnaires<\/h2>\t\t\t\t<\/div>\n\t\t\t\t<\/div>\n\t\t\t\t<div class=\"elementor-element elementor-element-cac713a elementor-widget elementor-widget-text-editor\" data-id=\"cac713a\" data-element_type=\"widget\" data-e-type=\"widget\" data-widget_type=\"text-editor.default\">\n\t\t\t\t<div class=\"elementor-widget-container\">\n\t\t\t\t\t\t\t\t\t<p>Depuis l\u2019ouverture du capital en 2005, nos investisseurs partagent un engagement commun en faveur du d\u00e9veloppement durable. Leur entr\u00e9e successive a jou\u00e9 un r\u00f4le d\u00e9terminant dans la direction strat\u00e9gique et la bonne gouvernance de notre institution.<\/p>\t\t\t\t\t\t\t\t<\/div>\n\t\t\t\t<\/div>\n\t\t\t\t<section data-particle_enable=\"false\" data-particle-mobile-disabled=\"false\" class=\"elementor-section elementor-inner-section elementor-element elementor-element-51624bf elementor-section-height-min-height elementor-section-boxed elementor-section-height-default\" data-id=\"51624bf\" data-element_type=\"section\" data-e-type=\"section\">\n\t\t\t\t\t\t<div class=\"elementor-container elementor-column-gap-default\">\n\t\t\t\t\t<div class=\"elementor-column elementor-col-50 elementor-inner-column elementor-element elementor-element-1205233 elementor-hidden-mobile\" data-id=\"1205233\" data-element_type=\"column\" data-e-type=\"column\">\n\t\t\t<div class=\"elementor-widget-wrap elementor-element-populated\">\n\t\t\t\t\t\t<div class=\"elementor-element elementor-element-f22489e elementor-widget elementor-widget-eael-progress-bar\" data-id=\"f22489e\" data-element_type=\"widget\" data-e-type=\"widget\" data-widget_type=\"eael-progress-bar.default\">\n\t\t\t\t<div class=\"elementor-widget-container\">\n\t\t\t\t\t<div class=\"eael-progressbar-circle-container center\">\n                \n            \n                <div class=\"eael-progressbar eael-progressbar-circle eael-progressbar-circle-fill\" data-layout=\"circle_fill\" data-count=\"83.62\" data-duration=\"1900\">\n                    <div class=\"eael-progressbar-circle-pie\">\n                        <div class=\"eael-progressbar-circle-half-left eael-progressbar-circle-half\"><\/div>\n                        <div class=\"eael-progressbar-circle-half-right eael-progressbar-circle-half\"><\/div>\n                    <\/div>\n                    <div class=\"eael-progressbar-circle-inner\"><\/div>\n                    <div class=\"eael-progressbar-circle-inner-content\">\n                        \n                        <span class=\"eael-progressbar-count-wrap\" style=\"display: none;\"><span class=\"eael-progressbar-count\">0<\/span><span class=\"postfix\">%<\/span><\/span>\n                    <\/div>\n                <\/div>\n\n                \n            <\/div>\t\t\t\t<\/div>\n\t\t\t\t<\/div>\n\t\t\t\t\t<\/div>\n\t\t<\/div>\n\t\t\t\t<div class=\"elementor-column elementor-col-50 elementor-inner-column elementor-element elementor-element-b021dba\" data-id=\"b021dba\" data-element_type=\"column\" data-e-type=\"column\">\n\t\t\t<div class=\"elementor-widget-wrap elementor-element-populated\">\n\t\t\t\t\t\t<div class=\"elementor-element elementor-element-5a5fdb4 elementor-widget elementor-widget-progress\" data-id=\"5a5fdb4\" data-element_type=\"widget\" data-e-type=\"widget\" data-widget_type=\"progress.default\">\n\t\t\t\t<div class=\"elementor-widget-container\">\n\t\t\t\t\t\t\t\t<h2 class=\"elementor-title\" id=\"elementor-progress-bar-5a5fdb4\">\n\t\t\t\tBeltone\t\t\t<\/h2>\n\t\t\n\t\t<div aria-labelledby=\"elementor-progress-bar-5a5fdb4\" class=\"elementor-progress-wrapper\" role=\"progressbar\" aria-valuemin=\"0\" aria-valuemax=\"100\" aria-valuenow=\"83.62\">\n\t\t\t<div class=\"elementor-progress-bar\" data-max=\"83.62\">\n\t\t\t\t<span class=\"elementor-progress-text\"><\/span>\n\t\t\t\t\t\t\t\t\t<span class=\"elementor-progress-percentage\">83.62%<\/span>\n\t\t\t\t\t\t\t<\/div>\n\t\t<\/div>\n\t\t\t\t\t\t<\/div>\n\t\t\t\t<\/div>\n\t\t\t\t<div class=\"elementor-element elementor-element-82590d6 elementor-widget elementor-widget-progress\" data-id=\"82590d6\" data-element_type=\"widget\" data-e-type=\"widget\" data-widget_type=\"progress.default\">\n\t\t\t\t<div class=\"elementor-widget-container\">\n\t\t\t\t\t\t\t\t<h2 class=\"elementor-title\" id=\"elementor-progress-bar-82590d6\">\n\t\t\t\tGojo &amp; Compagny,Inc.\t\t\t<\/h2>\n\t\t\n\t\t<div aria-labelledby=\"elementor-progress-bar-82590d6\" class=\"elementor-progress-wrapper\" role=\"progressbar\" aria-valuemin=\"0\" aria-valuemax=\"100\" aria-valuenow=\"16.38\">\n\t\t\t<div class=\"elementor-progress-bar\" data-max=\"16.38\">\n\t\t\t\t<span class=\"elementor-progress-text\"><\/span>\n\t\t\t\t\t\t\t\t\t<span class=\"elementor-progress-percentage\">16.38%<\/span>\n\t\t\t\t\t\t\t<\/div>\n\t\t<\/div>\n\t\t\t\t\t\t<\/div>\n\t\t\t\t<\/div>\n\t\t\t\t\t<\/div>\n\t\t<\/div>\n\t\t\t\t\t<\/div>\n\t\t<\/section>\n\t\t\t\t\t<\/div>\n\t\t<\/div>\n\t\t\t\t\t<\/div>\n\t\t<\/section>\n\t\t\t\t<\/div>\n\t\t","protected":false},"excerpt":{"rendered":"<p>Notre r\u00e9seau Aimerez-vous prendre un rendez-vous chez nous ? Contactez-nous Nos actionnaires Depuis l\u2019ouverture du capital en 2005, nos investisseurs partagent un engagement commun en faveur du d\u00e9veloppement durable. Leur entr\u00e9e successive a jou\u00e9 un r\u00f4le d\u00e9terminant dans la direction strat\u00e9gique et la bonne gouvernance de notre institution. 0% Beltone 83.62% Gojo &amp; Compagny,Inc. 16.38%<\/p>\n","protected":false},"author":22,"featured_media":0,"parent":0,"menu_order":0,"comment_status":"closed","ping_status":"closed","template":"","meta":{"footnotes":""},"wf_page_folders":[],"class_list":["post-13915","page","type-page","status-publish","hentry"],"yoast_head":"<!-- This site is optimized with the Yoast SEO plugin v27.4 - https:\/\/yoast.com\/product\/yoast-seo-wordpress\/ -->\n<title>baobab-r\u00e9seaux-V2 - Copy - Madagascar<\/title>\n<meta name=\"robots\" content=\"index, follow, max-snippet:-1, max-image-preview:large, max-video-preview:-1\" \/>\n<link rel=\"canonical\" href=\"https:\/\/baobab.com\/mg\/baobab-reseaux-v2-copy\/\" \/>\n<meta property=\"og:locale\" content=\"fr_FR\" \/>\n<meta property=\"og:type\" content=\"article\" \/>\n<meta property=\"og:title\" content=\"baobab-r\u00e9seaux-V2 - Copy - Madagascar\" \/>\n<meta property=\"og:description\" content=\"Notre r\u00e9seau Aimerez-vous prendre un rendez-vous chez nous ? Contactez-nous Nos actionnaires Depuis l\u2019ouverture du capital en 2005, nos investisseurs partagent un engagement commun en faveur du d\u00e9veloppement durable. Leur entr\u00e9e successive a jou\u00e9 un r\u00f4le d\u00e9terminant dans la direction strat\u00e9gique et la bonne gouvernance de notre institution. 0% Beltone 83.62% Gojo &amp; Compagny,Inc. 16.38%\" \/>\n<meta property=\"og:url\" content=\"https:\/\/baobab.com\/mg\/baobab-reseaux-v2-copy\/\" \/>\n<meta property=\"og:site_name\" content=\"Madagascar\" \/>\n<meta property=\"article:publisher\" content=\"https:\/\/fr-fr.facebook.com\/Baobabbanque\/\" \/>\n<meta property=\"article:modified_time\" content=\"2026-04-10T10:56:24+00:00\" \/>\n<meta name=\"twitter:card\" content=\"summary_large_image\" \/>\n<script type=\"application\/ld+json\" class=\"yoast-schema-graph\">{\"@context\":\"https:\\\/\\\/schema.org\",\"@graph\":[{\"@type\":\"WebPage\",\"@id\":\"https:\\\/\\\/baobab.com\\\/mg\\\/baobab-reseaux-v2-copy\\\/\",\"url\":\"https:\\\/\\\/baobab.com\\\/mg\\\/baobab-reseaux-v2-copy\\\/\",\"name\":\"baobab-r\u00e9seaux-V2 - Copy - Madagascar\",\"isPartOf\":{\"@id\":\"https:\\\/\\\/baobab.com\\\/mg\\\/#website\"},\"datePublished\":\"2026-04-07T16:26:42+00:00\",\"dateModified\":\"2026-04-10T10:56:24+00:00\",\"breadcrumb\":{\"@id\":\"https:\\\/\\\/baobab.com\\\/mg\\\/baobab-reseaux-v2-copy\\\/#breadcrumb\"},\"inLanguage\":\"fr-FR\",\"potentialAction\":[{\"@type\":\"ReadAction\",\"target\":[\"https:\\\/\\\/baobab.com\\\/mg\\\/baobab-reseaux-v2-copy\\\/\"]}]},{\"@type\":\"BreadcrumbList\",\"@id\":\"https:\\\/\\\/baobab.com\\\/mg\\\/baobab-reseaux-v2-copy\\\/#breadcrumb\",\"itemListElement\":[{\"@type\":\"ListItem\",\"position\":1,\"name\":\"Accueil\",\"item\":\"https:\\\/\\\/baobab.com\\\/mg\\\/\"},{\"@type\":\"ListItem\",\"position\":2,\"name\":\"baobab-r\u00e9seaux-V2 &#8211; Copy\"}]},{\"@type\":\"WebSite\",\"@id\":\"https:\\\/\\\/baobab.com\\\/mg\\\/#website\",\"url\":\"https:\\\/\\\/baobab.com\\\/mg\\\/\",\"name\":\"Madagascar\",\"description\":\"Baobab Madagascar\",\"publisher\":{\"@id\":\"https:\\\/\\\/baobab.com\\\/mg\\\/#organization\"},\"potentialAction\":[{\"@type\":\"SearchAction\",\"target\":{\"@type\":\"EntryPoint\",\"urlTemplate\":\"https:\\\/\\\/baobab.com\\\/mg\\\/?s={search_term_string}\"},\"query-input\":{\"@type\":\"PropertyValueSpecification\",\"valueRequired\":true,\"valueName\":\"search_term_string\"}}],\"inLanguage\":\"fr-FR\"},{\"@type\":\"Organization\",\"@id\":\"https:\\\/\\\/baobab.com\\\/mg\\\/#organization\",\"name\":\"Baobab Madagascar\",\"url\":\"https:\\\/\\\/baobab.com\\\/mg\\\/\",\"logo\":{\"@type\":\"ImageObject\",\"inLanguage\":\"fr-FR\",\"@id\":\"https:\\\/\\\/baobab.com\\\/mg\\\/#\\\/schema\\\/logo\\\/image\\\/\",\"url\":\"https:\\\/\\\/baobab.com\\\/mg\\\/wp-content\\\/uploads\\\/sites\\\/24\\\/2018\\\/06\\\/BH_LOGO_COUL_FR_CREDIT.png\",\"contentUrl\":\"https:\\\/\\\/baobab.com\\\/mg\\\/wp-content\\\/uploads\\\/sites\\\/24\\\/2018\\\/06\\\/BH_LOGO_COUL_FR_CREDIT.png\",\"width\":\"2568\",\"height\":\"732\",\"caption\":\"Baobab Madagascar\"},\"image\":{\"@id\":\"https:\\\/\\\/baobab.com\\\/mg\\\/#\\\/schema\\\/logo\\\/image\\\/\"},\"sameAs\":[\"https:\\\/\\\/fr-fr.facebook.com\\\/Baobabbanque\\\/\",\"https:\\\/\\\/www.linkedin.com\\\/company\\\/baobab-by-microcred-madagascar\\\/\",\"https:\\\/\\\/www.youtube.com\\\/channel\\\/UCquse2ZhcjI9WCvPH0EozLg\"]}]}<\/script>\n<!-- \/ Yoast SEO plugin. -->","yoast_head_json":{"title":"baobab-r\u00e9seaux-V2 - Copy - Madagascar","robots":{"index":"index","follow":"follow","max-snippet":"max-snippet:-1","max-image-preview":"max-image-preview:large","max-video-preview":"max-video-preview:-1"},"canonical":"https:\/\/baobab.com\/mg\/baobab-reseaux-v2-copy\/","og_locale":"fr_FR","og_type":"article","og_title":"baobab-r\u00e9seaux-V2 - Copy - Madagascar","og_description":"Notre r\u00e9seau Aimerez-vous prendre un rendez-vous chez nous ? Contactez-nous Nos actionnaires Depuis l\u2019ouverture du capital en 2005, nos investisseurs partagent un engagement commun en faveur du d\u00e9veloppement durable. Leur entr\u00e9e successive a jou\u00e9 un r\u00f4le d\u00e9terminant dans la direction strat\u00e9gique et la bonne gouvernance de notre institution. 0% Beltone 83.62% Gojo &amp; Compagny,Inc. 16.38%","og_url":"https:\/\/baobab.com\/mg\/baobab-reseaux-v2-copy\/","og_site_name":"Madagascar","article_publisher":"https:\/\/fr-fr.facebook.com\/Baobabbanque\/","article_modified_time":"2026-04-10T10:56:24+00:00","twitter_card":"summary_large_image","schema":{"@context":"https:\/\/schema.org","@graph":[{"@type":"WebPage","@id":"https:\/\/baobab.com\/mg\/baobab-reseaux-v2-copy\/","url":"https:\/\/baobab.com\/mg\/baobab-reseaux-v2-copy\/","name":"baobab-r\u00e9seaux-V2 - Copy - Madagascar","isPartOf":{"@id":"https:\/\/baobab.com\/mg\/#website"},"datePublished":"2026-04-07T16:26:42+00:00","dateModified":"2026-04-10T10:56:24+00:00","breadcrumb":{"@id":"https:\/\/baobab.com\/mg\/baobab-reseaux-v2-copy\/#breadcrumb"},"inLanguage":"fr-FR","potentialAction":[{"@type":"ReadAction","target":["https:\/\/baobab.com\/mg\/baobab-reseaux-v2-copy\/"]}]},{"@type":"BreadcrumbList","@id":"https:\/\/baobab.com\/mg\/baobab-reseaux-v2-copy\/#breadcrumb","itemListElement":[{"@type":"ListItem","position":1,"name":"Accueil","item":"https:\/\/baobab.com\/mg\/"},{"@type":"ListItem","position":2,"name":"baobab-r\u00e9seaux-V2 &#8211; Copy"}]},{"@type":"WebSite","@id":"https:\/\/baobab.com\/mg\/#website","url":"https:\/\/baobab.com\/mg\/","name":"Madagascar","description":"Baobab Madagascar","publisher":{"@id":"https:\/\/baobab.com\/mg\/#organization"},"potentialAction":[{"@type":"SearchAction","target":{"@type":"EntryPoint","urlTemplate":"https:\/\/baobab.com\/mg\/?s={search_term_string}"},"query-input":{"@type":"PropertyValueSpecification","valueRequired":true,"valueName":"search_term_string"}}],"inLanguage":"fr-FR"},{"@type":"Organization","@id":"https:\/\/baobab.com\/mg\/#organization","name":"Baobab Madagascar","url":"https:\/\/baobab.com\/mg\/","logo":{"@type":"ImageObject","inLanguage":"fr-FR","@id":"https:\/\/baobab.com\/mg\/#\/schema\/logo\/image\/","url":"https:\/\/baobab.com\/mg\/wp-content\/uploads\/sites\/24\/2018\/06\/BH_LOGO_COUL_FR_CREDIT.png","contentUrl":"https:\/\/baobab.com\/mg\/wp-content\/uploads\/sites\/24\/2018\/06\/BH_LOGO_COUL_FR_CREDIT.png","width":"2568","height":"732","caption":"Baobab Madagascar"},"image":{"@id":"https:\/\/baobab.com\/mg\/#\/schema\/logo\/image\/"},"sameAs":["https:\/\/fr-fr.facebook.com\/Baobabbanque\/","https:\/\/www.linkedin.com\/company\/baobab-by-microcred-madagascar\/","https:\/\/www.youtube.com\/channel\/UCquse2ZhcjI9WCvPH0EozLg"]}]}},"_links":{"self":[{"href":"https:\/\/baobab.com\/mg\/wp-json\/wp\/v2\/pages\/13915","targetHints":{"allow":["GET"]}}],"collection":[{"href":"https:\/\/baobab.com\/mg\/wp-json\/wp\/v2\/pages"}],"about":[{"href":"https:\/\/baobab.com\/mg\/wp-json\/wp\/v2\/types\/page"}],"author":[{"embeddable":true,"href":"https:\/\/baobab.com\/mg\/wp-json\/wp\/v2\/users\/22"}],"replies":[{"embeddable":true,"href":"https:\/\/baobab.com\/mg\/wp-json\/wp\/v2\/comments?post=13915"}],"version-history":[{"count":40,"href":"https:\/\/baobab.com\/mg\/wp-json\/wp\/v2\/pages\/13915\/revisions"}],"predecessor-version":[{"id":14100,"href":"https:\/\/baobab.com\/mg\/wp-json\/wp\/v2\/pages\/13915\/revisions\/14100"}],"wp:attachment":[{"href":"https:\/\/baobab.com\/mg\/wp-json\/wp\/v2\/media?parent=13915"}],"wp:term":[{"taxonomy":"wf_page_folders","embeddable":true,"href":"https:\/\/baobab.com\/mg\/wp-json\/wp\/v2\/wf_page_folders?post=13915"}],"curies":[{"name":"wp","href":"https:\/\/api.w.org\/{rel}","templated":true}]}}